{"id":15,"date":"2019-08-14T09:18:10","date_gmt":"2019-08-14T09:18:10","guid":{"rendered":"https:\/\/www.proofhouse.rs\/?page_id=15"},"modified":"2020-11-08T20:42:23","modified_gmt":"2020-11-08T20:42:23","slug":"mesmerize","status":"publish","type":"page","link":"https:\/\/www.proofhouse.rs\/","title":{"rendered":"Pocetna"},"content":{"rendered":"<p><a href=\"https:\/\/www.proofhouse.rs\/?page_id=270\"><br \/>\n\t\t\t\t<svg xmlns=\"http:\/\/www.w3.org\/2000\/svg\" width=\"200.000000pt\" height=\"200.000000pt\" viewBox=\"0 0 200.000000 200.000000\" preserveAspectRatio=\"xMidYMid meet\"><metadata>\nCreated by potrace 1.15, written by Peter Selinger 2001-2017\n<\/metadata><g transform=\"translate(0.000000,200.000000) scale(0.100000,-0.100000)\" fill=\"#000000\" stroke=\"none\"><path d=\"M425 1575 c-3 -8 -7 -22 -10 -30 -3 -10 -17 -15 -41 -15 -27 0 -37 -5 -41 -19 -6 -22 -63 -41 -117 -38 -50 3 -57 -17 -14 -39 60 -30 78 -53 78 -100 0 -54 -33 -84 -92 -84 -49 0 -94 -23 -101 -52 -9 -32 2 -39 72 -47 114 -14 142 -75 87 -191 -14 -30 -26 -62 -26 -71 0 -9 -29 -77 -65 -150 -100 -207 -97 -263 13 -276 l53 -6 -22 46 -22 45 138 344 c76 189 145 349 154 356 21 18 142 11 193 -11 l37 -15 -21 -69 c-11 -37 -27 -77 -34 -88 -8 -11 -14 -31 -14 -45 0 -14 -40 -154 -89 -310 l-89 -285 41 -7 c23 -4 50 -5 59 -2 19 6 25 30 9 36 -6 2 21 104 59 228 74 240 90 269 148 271 15 0 83 4 151 8 118 7 125 8 147 34 13 15 26 44 29 65 22 139 28 142 270 142 110 0 175 4 175 10 0 6 63 10 170 10 144 0 170 2 170 15 0 8 4 15 9 15 9 0 17 47 27 168 6 61 5 64 -25 93 -17 16 -31 33 -31 38 0 12 -26 21 -61 21 -22 0 -29 -5 -29 -20 0 -20 -7 -20 -648 -20 -676 0 -672 0 -672 42 0 22 -19 24 -25 3z m616 -421 c11 -12 23 -40 26 -62 5 -36 2 -45 -25 -72 -28 -28 -36 -30 -101 -30 -68 0 -71 1 -86 30 -21 41 -19 88 8 128 22 33 22 33 90 30 51 -3 72 -8 88 -24z\"><\/path><\/g><\/svg>\t\t\t\t<\/a><\/p>\n<h3>\n\t\t\t\t\t<a href=\"https:\/\/www.proofhouse.rs\/?page_id=270\">Ispitivanje oru\u017eja<\/a><br \/>\n\t\t\t\t<\/h3>\n<p>Ispitivanje i \u017eigosanje ru\u010dnog vatrenog oru\u017eja<\/p>\n<p>\t\t\t\t<a href=\"https:\/\/www.proofhouse.rs\/?page_id=257\"><br \/>\n\t\t\t\t<svg xmlns=\"http:\/\/www.w3.org\/2000\/svg\" xmlns:xlink=\"http:\/\/www.w3.org\/1999\/xlink\" id=\"Layer_1\" x=\"0px\" y=\"0px\" width=\"512px\" height=\"512px\" viewBox=\"0 0 512 512\" xml:space=\"preserve\">  <image id=\"image0\" width=\"512\" height=\"512\" x=\"0\" y=\"0\" xlink:href=\"data:image\/png;base64,iVBORw0KGgoAAAANSUhEUgAAAgAAAAIACAQAAABecRxxAAAABGdBTUEAALGPC\/xhBQAAACBjSFJN AAB6JgAAgIQAAPoAAACA6AAAdTAAAOpgAAA6mAAAF3CculE8AAAAAmJLR0QA\/4ePzL8AAAAJcEhZ cwAAD04AAA9OAUzZKOcAAAAHdElNRQfjCBIVDSwL\/2RsAAAcl0lEQVR42u3de9QdVXnH8d8OeQO5 QK6ASYQEMYaQAAkQtQgEoVrRarkIdHFxFTVgrbd6wVqXdkm9LEVrLX9UBLEVi4KCF65R7qS0EBSE AEogJmACSiAXwwshl90\/dKmx8D4zZ2b2c2b295M\/87x5n9k5+3f2njNnJkQhH2Gy9tDU3\/2Zoqma KmmVVmm1Vv3uz6PxMe8ukU4gAPIQ9tdxOk77FSi9V5fr8niPd8dIgQDouBD0ch2v47R3yR98WJfr Mt0ReYF0GgHQYWFf\/a2O1dQK\/8QqfVf\/Hu\/3PhI0hQDoqDBFn9Dp2qGGf2qrvqZ\/iqu9jwhNIAA6 KOyis\/T3GlXjPzmoL+pzcYP3kaFuBEDHhAG9Qx\/XpAb+6TU6W1+Om72PEHUiADokBJ2oT5U+3VfG w\/qoLuXEYHcQAJ0RxuoivTHBL7pCp8X13keLehAAHRFm67uakeiXLdOx8T7vI0Ydhnk3gDqEE3V7 sukvzdDt4UTvY0YdCIDWCzuEc3SJRif9paN1STgn1PEhI1yxBWi5sKu+pSOdfvkN+uv4hPcIoAoC oNXCfF2mPRwbeFTHxyXeo4DeEQAtFo7UVdrJuYln9YZ4g\/dIoFcEQGuFP9OPEu\/8n9\/Tek38H+8m 0BsCoKXCXN2ocT3\/+GY9qjVaozUaoemaphcpVGhmnV4d7\/YeEfSCAGilsI9u0a49\/OAm3ajFWqw7 4jPb\/Xs7ak9N1\/46TQf01NATOjz+zHtUUB4B0EJhuhb38CXf+3WBvh6fNP7teTpdJ2ti6X99lQ6N K7xHBmURAK0TpuhWvaTkD92sj8VbC\/+GEXqT\/k5HlPwdy3UYXxpuGwKgZcIk3ax9S\/3IvfpIvKqH 33SyvqjdSv3I\/VoQ13iODsriSsBWCbtoUanpv0Uf0txepr8UL9Y++qrKvEPsq0VhF98RQjmsAFol XKoTSpQ\/rpPiLRV\/42E6T7NK\/MC3I98SaBFWAC0Szig1\/W\/RvKrTX4q3aq6+WOIHTghnpB8Z9IoV QGuEObpDIwuXf14fiVtq+93v1RcLXynwjObzZeG2IABaIozUEs0uWLxBfxO\/W\/PvP1Ff144Fi+\/T \/O2vM0C\/YgvQFl8qPP0f18vrnv5SvFSvU9H7AM3Wl9INDKpgBdAK4URdUrB0nRY09VSfsJ+uKXwB 0knx0hQjg2oIgBYIe+kujS1UOqjXxNsa7GRPLS749eP1mhd\/kWJ0UAVbgL4XhuubBaf\/czquyekv xUf0BhV7OsBYfTMMb350UA0B0P8+pVcUqtumU+OippuJ9+oEFft04RX6VNPdoCq2AH0uHKLFBT+A OyOen6inhfpKocKoQ5tdkaAqVgB9LQzTuQWn\/0dTTX8pnq\/PFmtf5wZeYX2N\/57+9nYdWKjuan0m aV8fUbFz\/Afq7Un7QklsAfpYGKdlhZ7y95gOSH133rCTbtbLCxSu0Yy4Lm1vKI4VQD\/7RKHpv02n pr85d3xWp2qwQOEkfSJ1byiOAOhbYbbeWajwMz535Y3LdFahwneGotcwIjm2AH0rXF\/ogR+3aUF9 X\/op2WHQIr2mQOEN8SifDmEhAPpUOF7fKVC2TnPjSscuX6x7C92b+M3xMr8u8cIIgL4URuoBTStQ eEIsEhNNdnqqLipQtlKz+H5gP+IcQH86q9D0v8J7+kvxGyry3j6t4PkCJMYKoA+FaXqgwK0\/ntHs fvi6TZikpdq9QLezPDcreH6sAPrRJwrd+ecz\/TD9pbhG\/1CgbCQfB\/YjVgB9J+yphzRglj2kOXGT d6+\/6zhoiQ4yyzbrpfER716xPVYA\/ecDBaa\/9O5+mf5SjHpfgbIBfcC7U\/wpVgB9JkzUIxplln03 Hufd6Z\/0XeSG5YPa03o0GdJiBdBv3lNg+g8WesdN6yw9a9aM0nu828T2CIC+EkbrXQXK\/rX\/9tJx RaGnB7wrjPbuFH+MAOgvZ2iCWTNY6kEd6Xxaj5s1E8RjQ\/oKAdBHwoDeX6DsvP58AGfcqI8WKHt\/ KHKKE4kQAP3kVL3YrNmkz3u3+YL+Qz83a16sU73bxB8QAH0jhEKXy14YV3t3+kLiNn2uQNlZoehD xtA4PgbsG+FYXW4WbdGMuMK70yGOYUDLC6xijqv\/yUXoDSuA\/vHhAjXf6OfpL8XN+kJNR4okWAH0 ibBAN5lF2zQrPujdqXEco7VSE82yI+LN3p1CYgXQP84sUPPtfp\/+Unxa\/1bT0SIBVgB9IYzXY+bD t6MOiPd6d1roWB7RGKNokybHtd6dghVAvzjFnP7SD9ow\/aW4VueZRTvqFO8+IbEC6BPhLs01i14e l3j3WfBopmi5GWh3x3nefYIVQF8IBxWY\/j9sy\/SX4mp9yyyaG+w7CKBxBEA\/eFuBmk96N1lKkYeH FjlqNIwtgLswUo9prFH043iwd58lj+pezTFK1msydwr2xgrA3\/Hm9Je+6t1kafYaYKyO924SrADc hRt1hFHyjCbH9d59ljyqcVpt3tr0pvhq7z5zxwrAWdhbC8yiy9o2\/aW4Tt82ixaEvb37zB0B4O0t sr8b174NgFRkExD0Fu8mc8cWwFm4X7OMkoc1I7byvyncp32NkgeiVYFGsQJwFfY1p790YTunv4qs AWYFAsAVAeDrzWbFVv2nd5M9+3qBOwXbI4AGEQC+7HvpXxtXeTfZq7hWV9QwAmgQAeAozDQvlpEu 9O6ykkvMijlhpneTOSMAPNnL3w26yrvJSq7WxhpGAY0hADzZL\/0r+ucJgL2Iz+gHNYwCGkMAuAl7 F\/gO4He8u6zM3gTM5XIgPwSAH\/udb6Ou9W6yskWyr2JkDeCGAPBjv+yvivbHaH0ubtL3ahgJNIQA cBKmyf6Cb\/s3AJJ0qVlxcJjm3WSuCAAvf2FWDOpq7yZr8SM9ZdbYo4FGEABeXmtWXBMHvZusQ9ws +zlA9migEQSAizBMR5pF3dgASEU2AUcGXokuGHYf8zXeqHhWV3o3WZub9bRRMV7zvZvMEwHg4zVm xfXRvoauJeIm3WgW2SOCBhAAPuyX+yLvFmtlX89AALjghiAOwhg9pQGjaGb\/PwewxBHvrYeMks2a 0J01T3uwAvBwhDn9V3Zp+kvxYS0zSgbMW6OiAQSAB\/tDr25tACQ2AX2KAPBgv9R\/6N1i7ewA4FoA B5wDSC7soUeMkq2aFNd591nzUY\/Sk9rJKNozPurdZ25YAaR3lFlxe9emvxQHdYtZZI8MakYApPcq s6J7GwCpyCbAHhnUjABI7xCzonunAKUiAWCPDGrGOYDEwng9aTwLaK12jVu9+2zk2J\/QpCELoibG td5d5oUVQGqvNB8Fdks3p7+k\/zb+PuiV3i3mhgBIzV7m3ubdYmMWmxVsAhIjAFIjAIZCACTGOYCk wg5apzFDljynse2\/E+ALHP0IrTeuBdiocZ3dAPUlVgBp7W9Mf+murk5\/KT6nO4ySMdrfu8u8EABp 5bwBkNgE9B0CIK3cA8D6HIAASIxzAEmFX2i6UTI1rvbussHjH6enjI9BV8S9vLvMCSuAhMJkc\/qv 7PL0l+I6LTVKpofJ3l3mhABIaZ5Z0e0NgFRkE2CPEmpDAKRkn+HufgD8r1nB5wAJEQAp7WdW3O7d YuN+albYo4TaEAApWe9tUQ94t9i4+7XZqGAFkBABkEwYoZlGyaPdvy9ufM4MuZlhhHeX+SAA0tnH vBdw99\/\/JXsTMKB9vFvMBwGQjr20zSMA7jYr2AQkQwCkQwD8ln0akABIhgBIhwD4LQKgjxAA6dgf b2URAHGNVhklfBCYDAGQSJioKUbJmrjGu8tErDXAlDDRu8VcEACpsAH4g7vNCjYBiRAAqcw2K+73 bjEZ+yyAPVqoBQGQykvNinxWAHbU2aOFWhAAqextVuQTAA\/Lug2FPVqoBQGQCgHwe\/EZ83MAAiAR AiCJEGTd52ZjVk\/Gfcj4+72C9fgU1IIASGOq+Wjsn3m3mNQy4+930lTvFvNAAKTBBmB71gqATUAi BEAaBMD2rBUAAZAIAZCG\/XLO5yoAiRVA3yAA0mAFsD0+COwTBEAa1sv5OS33bjGlOCjr9ucEQBIE QBrWlW3L4hbvFhOzzgJwLWASBEACYYLGGSV5bQAk+yzAuDDBu8UcEAAp7GlW5BcAK80Ke9RQGQGQ wovMipyuAvwt+xFo9qihMgIgBful\/Jh3i8kRAH2BAEhhd7MivwCwj9geNVRGAKTACuD\/YwXQFwiA FKyX8jb9yrvF5NaYjwgjABIgAFKwFrNPxK3eLaYWox43StgCJEAApGC9l+W3AZDsTQArgAQIgBQI gF6OmgBIgABoXBih8UZJngFgrQDG85Tg5hEAzeNDwOdnfw7AWYDGEQDN40PAXo+aTUDjCIDm2e9j 1vnwbvq1WcEKoHEEQPPsb7Wt827RxQazgu8DNo4AaN7OZsVvvFt0YQeAPXKoiABo3hizwp4KXWQf tT1yqIgAaB4rgOfHCqAPEADNYwXw\/OzYYwXQOAKgedb7WNRG7xY9xE16zihhBdA4AqB51vvYxmjd IrurrJUPK4DGEQDNs97H8twAFDlyVgCNIwCaZ72P5XkKsMiRswJoHAHQPFYAvR45K4DGEQDNYwXw QjgH4G64dwMZsN7HXhq+7N2ik1nG37MCaFzI9QR0KmGMfq2R3l201DPaLWb5EWk6bAEaFIaFt+pB pn\/PRurB8NbAa7RBrAAaEw7VuZrr3UUH3K13x8XeTXQVAdCQcJIu0oB3Fx2xWafFS7yb6CaWV40I b9XFTP\/aDOji8FbvJrqJAGhAOFMXMLK1GqYLwpneTXQRW4DahZn6qXb07qKDNumA+HPvJrqG96ma haDzmf6N2FHnh+DdRNcQAHV7hw7zbqGzDtM7vFvoGrYAtQrD9ZgmeXfRYWs0OW7xbqJLWAHU6yim f6Mm6SjvFrqFAKjXid4NdB4jXCu2ADUKA\/qV+RxAVLNWu8fN3k10ByuAOh3C9G\/ceB3i3UKXEAB1 Osi7gSwwyjXifgB1sl+aW8U57KEN1w5GBQFQIwKgTvZL84B4n3eT\/S3M1lKjhACoEScBaxN21noN faXaI3Gad5f9L6zUnkMWRI2N+d5GrWacA6jPPFkXqv7Yu8VWsEYpaJ53i91BANTHXpre6d1iK9ij xCagNgRAfeyXJSuAIuxRIgBqQwDUhwCoBwGQECcBaxLGaL0RpyvjdO8u2yGs0NAnS7dpLHcLrgcr gLrMM8eS9\/+irJEaxmnAuhAAdWEDUB82AckQAHXhM4D68DlAMgRAXVgB1IcVQDKcBKwFpwDrxWnA VFgB1GOuOZJsAMqwRmsYz1yqBwFQDzYA9WITkAgBUA8CoF4EQCIEQD0IgHoRAIlwErAGYbQ2GFG6 Iu7l3WW7hF9o+pAF27RLfNq7y\/ZjBVAH+xQg7\/9l2VcDzvVusQsIgDpwEVD9uBgoCQKgDpwBqB9n AZIgAOpwoFlBAJRlj5g96jBxErCyMEyDxvOAfxFf4t1l+4TlGvrE6SaNitu8u2w7VgDVTTcfB877 fy+sUdvR+JwABRAA1b3MrCAAemGPmj3yMBAA1dkvQ54F0At71AiAygiA6maaFQ96t9hK9qjZIw8D AVCd9T60Rcu9W2yl5eZj1FgBVEYAVGe9DFfwOOtexM1aYZQQAJURABWFkdrDKGED0Ctr5PYII71b bDsCoKoZ5gPBfu7dYmtZARA0w7vFtiMAqrKXoawAemVHJ5uAigiAqgiA5tgjRwBURABUxYeAzeGD wMYRAFVZ70GDWuXdYmut0qBRwQqgIgKgKusluCzyfasexahlRgkBUBEBUEkYrQlGCRuAKqzRmxBG e7fYbgRANTubFQRAFfbo2f8DGAIBUM0Ys+IJ7xZbzR49+38AQyAAqrHff37j3WKr2aPHCqASAqAa +\/2HAKjCHj1WAJUQANWwAmgWK4CGEQDV2O8\/PMO2ClYADSMAqmEF0Cw7PlkBVEIAVMM5gGaxAmgY AVANK4BmcQ6gYQRANawAmsUKoGEEQDXW+8+W+Kx3i20WnzXvC8gKoBICoBrr\/YfPAKqyRpAVQCUE QDXW+w8bgKqsEWQFUAkBUA0rgKZZAcAKoBICoJoRxt8zvlVZt1S3\/gcwJF6gQMYIACBjBACQMQIA yBgBAGSMAAAyRgAAGSMAgIwRAEDGCAAgYwQAkDECAMgYAQBkjAAAMkYAABkjAICMEQBAxggAIGME AJAxAgDIGAEAZIwAADJGAAAZIwCAjBEAQMYIACBjBACQMQIAyBgBAGSMAAAyRgAAGSMAgIwRAEDG CAAgYwQAkDECAMgYAQBkjAAAMkYAABkjAICMEQBAxggAIGMEAJAxAgDIGAEAZIwAADJGAAAZIwCA jBEAQMYIACBjBACQMQIAyBgBAGSMAAAyRgAAGSMAgIwRAEDGCAAgYwQAkDECAMgYAQBkjAAAMkYA ABkjAICMEQBAxggAIGMEAJAxAgDIGAEAZIwAADJGAAAZIwCAjBEAQMYIACBjBACQMQIAyBgBAGSM AAAyRgAAGSMAgIwRAEDGCAAgYwQAkDECAMgYAQBkjAAAMkYAABkjAICMEQBAxggAIGMEAJAxAgDI GAEAZIwAADJGAAAZIwCAjBEAQMYIACBjBACQMQIAyBgBAGSMAAAyRgAAGSMAgIwRAEDGCAAgYwQA kDECAMgYAQBkjAAAMkYAABkjAICMEQBAxggAIGMEAJAxAgDIGAEAZIwAADJGAAAZIwCAjBEAQMYI ACBjBACQMQIAyBgBAGSMAAAyRgAAGSMAgIwRAEDGCAAgYwQAkDECAMgYAQBkjAAAMkYAABkjAICM EQBAxggAIGMEAJAxAgDIGAEAZIwAADJGAAAZIwCAjBEAQMYIACBjBACQMQIAyBgBAGSMAAAyRgAA GSMAgIwRAEDGCAAgYwQAkDECAMgYAQBkjAAAMkYAABkjAICMEQBAxggAIGMEAJAxAgDIGAEAZIwA ADJGAAAZIwCAjBEAQMYIACBjBACQMQIAyBgBAGSMAAAyRgAAGSMAgIwRAEDGCAAgYwQAkDECAMgY AQBkjAAAMkYAABkjAICMEQBAxggAIGMEAJAxAgDIGAEAZIwAADJGAAAZIwCAjBEAQMYIACBjBACQ MQIAyBgBAGSMAAAyRgAAGSMAgIwRAEDGCAAgYwQAkDECAMgYAQBkjAAAMjbcu4GWGzT+fq\/wfj3l 3WSLjddMo8L6H8CQCIBqHjf+foS+4N1ix1n\/AxgSW4BqePl543+gEgKgmhXeDWRvhXcD7Raidwet FvbUSu8eMjctPuLdQpuxAqgkPqJ7vHvI2j1M\/2oIgKou924ga4x+RWwBKgrjtVzjvLvI1Dq9JK71 bqLdWAFUFNfqHO8esnUO078qVgCVhdG6Wy\/17iJDD2lufNq7ibZjBVBZfFrHaqN3F9nZqGOZ\/tUR ADWIS3W6WEqlFHV6XOrdRBcQALWI39HJ2uTdRTY26eT4He8muoFzALUJh+l7muDdRQae0jHxVu8m uoIVQG3irdpPF3t30XkXaz+mf30IgBrF1fEUHa4btM27k07apht0eDwlrvZupEvYAjQgTNZJOlr7 aA8F7146IOpR\/UzX6JL4mHcr3UMANCiM1Eu0mw7UwZqvvQv+0G36gHffDfqCDilY+bCW6E79RL\/W 8viMd9vdRQAkEl6n8\/XiAoUbNClu9u62oTEY0BrtUqDwl1oYr\/XuNg+cA0gkXqs5urBA4S56lXev jTmk0PS\/UHOY\/qkQAMnE9fFthSLgaO9OG\/P6AjUXxrfF9d6N5oMtQFJhrJaaG4F74\/7efTZ09Pdo P6Pkl5rD9E+JFUBScb0WmkXWfXDbyz6yhUz\/tFgBJBceMj8RmBg7eCvxMEFPGiUPR75VmRgrgPSW mBWTvVtshH1U9sigZgRAeneaFbkGgD0yqBkBkJ59G9FdvVtshH1U3GA1OQIgvelmRTdPhNlHNd27 xfwQAOnNNyu6ec27fVT2yKBmBEB6B5sVuQaAPTKoGR8DJhZepvuMR7Ju1Y5xq3efDRz5DtqkHYYs 2aLZ8UHvPvPCCiCpMExfM5\/I\/MsuTn8pbtUvjZLh+lrgFZkUw53W+wp8HfY67yYbYx\/ZIXqfd5N5 IQASCqfpkwXKrvbuszFFjuyT4TTvNnPCOYBEwmSdpzcWKNysSXGDd7cNjcEuWqOBAoVX6Ezu\/pMG AdCwMKD9dbDm6ziNL\/QDN8VXe\/fc4GjcqCMKFa7V5VqiO3VPV2+O0i8IgNqFYTpEh2qqpmiKpmhy ofe8P9iqLd5H0KDhxucAf2qzHtNqrdZqrdJi3Ra53WrNCIAahVF6rd6kv+zopbz+ntCV+oF+GAe9 G+kOAqAmYWd9SO\/XaO8+MvC0\/kXnxN94t9ENBEANwnCdqY9rN+8+MvJrna3zYpc3S4kQAJWFw3WB Znh3kaFlenu8xbuJtuM6gIrCGbqO6e9ihq4LZ3g30XYEQAVheDhX55U8y4\/6DOi8cG6wLq3GENgC 9CyM0fd0lHcX0PU6Jm70bqKtWAH0KARdxPTvC0fposAzGHtEAPTqbB3j3QJ+5xid7d1CW7EF6Ek4 UZd494DtnBQv9W6hjQiAHoRZulOjvLvAdgZ1cHzAu4n2YQvQi88x\/fvOKH3Ou4U2YgVQWligm7x7 wPM6It7s3ULbEAAlhaDbuXttn1qiV0Re0KWwBSjrBKZ\/35qvE7xbaBtWACUVvqWFJG3SUj2gTt7i M5EdNEtztGPh+hvjkd4ttwsBUEqYqF8VuqXFZn1Wl+k+7mdTXRjQbB2vDxe65HqLdotrvTtuE7YA 5byx0PS\/T6+MH4t3M\/3rEDfHu+PH9ErdV6B4uN7g3W+7EADlHFOg5vs6KP7Eu9GuiT\/RQfp+gcK\/ 8u60XdgClBBG6kmNNIoe15z4pHen3RQmaqleZBT9RhNZeRXHCqCM6eb0lxYy\/ZsSn9RCs2hn7eHd Z5sQAGVMNiuujVd6N9ll8UpdaxZN8e6yTQiAMqzlp7TYu8XOs0eYACiBACjDXgEs8W6x8+wRJgBK IADKsFcAd3q32Hn2CBMAJRAA6BruDlQCAVDG42bFwd4tdp49wqu9W2wTAqAMOwD4olDT7BEmAEog AMqwH1n9Ku8WO88eYQKgBAKgDHsFcHR4vXeTXRZer6PNIgKgBC4FLiGM0pPaySharTl8H60ZYbyW muf4n9aE+Jx3p+3BCqCEOKjrzKIp+krgWUENCAP6SoGP+BYx\/csgAMr5XoGaN+uOMMe70a4Jc3SH 3lygsMg3BvF7bAFKCbvq8UKhuUn\/rMv0YNzm3XH7hWF6mY7XxwrdF2irdufLWGUQACWFW3RY4eKN +im3BKtkB83SARpTuP6WuMC75XYhAEoKp+gb3j3gBZ0a\/8u7hXYhAEoKQT\/WPO8u8Lzu0kHcFrwc TgKWFKM+5N0DXsCHmP5lEQClxeu1yLsHPI9F8XrvFtqHLUAPwhwtMS8IQlrPan5c6t1E+7AC6EFc WuDedEhrIdO\/FwRAT+I3dI53D\/gj50Q+m+kJW4AehWG6Qnzxpz9crTdyyVVvCICehV10lQ717gJa rDfEDd5NtBVbgJ7FDTpKF3h3kb0LdBTTv3cEQAXxubhQ7+VSXzdb9d64kG\/\/VcEWoLLw57pA07y7 yNBKvT3aX8\/GkFgBVBav00x9UNwEJKW1+qBmMv2rYwVQkzBO\/6h3c3lQAs\/qXH06rvNuoxsIgBqF sTpab9LrNda7k45ar6v1A10T13s30h0EQO3CgBboUE3VFE3RFO3KgyoqiHpCq7Vaq7VKi3UzD\/6u 2\/8BH9dqUEFb4Z8AAAAldEVYdGRhdGU6Y3JlYXRlADIwMTktMDgtMThUMjE6MTM6NDQrMDM6MDBd 96hqAAAAJXRFWHRkYXRlOm1vZGlmeQAyMDE5LTA4LTE4VDIxOjEzOjQ0KzAzOjAwLKoQ1gAAABl0 RVh0U29mdHdhcmUAd3d3Lmlua3NjYXBlLm9yZ5vuPBoAAAAASUVORK5CYII=\"><\/image>\n<\/svg>\t\t\t\t<\/a><\/p>\n<h3>\n\t\t\t\t\t<a href=\"https:\/\/www.proofhouse.rs\/?page_id=257\">Ispitivanje municije<\/a><br \/>\n\t\t\t\t<\/h3>\n<p>Ispitivanje i kontrola municije<\/p>\n<p>\t\t\t\t<a href=\"https:\/\/www.proofhouse.rs\/?page_id=90\"><br \/>\n\t\t\t\t<svg xmlns=\"http:\/\/www.w3.org\/2000\/svg\" width=\"512.000000pt\" height=\"512.000000pt\" viewBox=\"0 0 512.000000 512.000000\" preserveAspectRatio=\"xMidYMid meet\"><metadata>\nCreated by potrace 1.15, written by Peter Selinger 2001-2017\n<\/metadata><g transform=\"translate(0.000000,512.000000) scale(0.100000,-0.100000)\" fill=\"#000000\" stroke=\"none\"><path d=\"M2960 4948 c0 -31 -161 -2572 -163 -2574 -1 -1 -111 -56 -244 -123 l-243 -121 0 28 c0 16 -34 483 -75 1038 -41 555 -75 1017 -75 1027 0 16 -26 17 -400 17 -381 0 -400 -1 -400 -18 0 -23 -147 -1727 -155 -1797 l-6 -51 -559 -279 -560 -280 0 -747 0 -748 -40 0 -40 0 0 -80 0 -80 2560 0 2560 0 0 80 0 80 -40 0 -40 0 0 1185 c0 652 -2 1185 -5 1185 -3 0 -253 -124 -556 -276 -304 -151 -555 -272 -559 -267 -3 4 -39 604 -79 1333 -40 729 -75 1360 -78 1403 l-6 77 -398 0 c-310 0 -399 -3 -399 -12z m644 -200 c3 -29 6 -65 6 -80 l0 -28 -250 0 -250 0 0 34 c0 18 3 54 6 80 l7 46 237 0 237 0 7 -52z m16 -310 c0 -24 3 -60 6 -80 l7 -38 -272 0 -271 0 0 34 c0 18 3 54 6 80 l7 46 258 0 259 0 0 -42z m20 -310 c0 -18 25 -476 55 -1018 30 -542 55 -1002 55 -1022 l0 -38 -150 -75 c-82 -41 -152 -75 -155 -75 -3 0 -5 178 -5 395 0 217 -2 395 -5 395 -3 0 -109 -52 -235 -115 l-231 -115 6 47 c3 27 25 386 50 798 25 413 48 774 51 803 l5 52 280 0 279 0 0 -32z m-1636 -79 c3 -17 6 -53 6 -80 l0 -49 -253 0 -254 0 4 58 c2 31 6 67 9 80 l4 22 239 0 239 0 6 -31z m26 -338 c0 -27 3 -63 6 -80 l7 -31 -282 0 -281 0 0 43 c0 23 3 59 6 80 l7 37 268 0 269 0 0 -49z m20 -275 c0 -2 23 -306 50 -676 28 -370 50 -681 50 -691 0 -14 -37 -37 -150 -94 -82 -41 -152 -75 -155 -75 -3 0 -5 178 -5 395 0 217 -2 395 -5 395 -3 0 -105 -50 -226 -111 -122 -60 -224 -108 -226 -105 -5 4 52 701 74 909 l6 57 293 0 c162 0 294 -2 294 -4z m-370 -1411 c0 -217 2 -395 5 -395 3 0 361 178 795 395 434 217 792 395 795 395 3 0 5 -178 5 -395 0 -217 2 -395 5 -395 3 0 361 178 795 395 434 217 792 395 795 395 3 0 5 -400 5 -890 l0 -890 -1360 0 -1360 0 0 200 0 200 -800 0 -800 0 0 -200 0 -200 -160 0 -160 0 0 533 0 532 713 357 c391 196 715 357 720 357 4 1 7 -177 7 -394z m320 -1425 l0 -280 -640 0 -640 0 0 280 0 280 640 0 640 0 0 -280z m-1440 -200 l0 -80 -160 0 -160 0 0 80 0 80 160 0 160 0 0 -80z m4320 0 l0 -80 -1360 0 -1360 0 0 80 0 80 1360 0 1360 0 0 -80z\"><\/path><path d=\"M560 1200 l0 -80 800 0 800 0 0 80 0 80 -800 0 -800 0 0 -80z\"><\/path><path d=\"M2480 1040 l0 -240 80 0 80 0 0 240 0 240 -80 0 -80 0 0 -240z\"><\/path><path d=\"M2960 1040 l0 -240 80 0 80 0 0 240 0 240 -80 0 -80 0 0 -240z\"><\/path><path d=\"M3440 1040 l0 -240 80 0 80 0 0 240 0 240 -80 0 -80 0 0 -240z\"><\/path><path d=\"M3920 1040 l0 -240 80 0 80 0 0 240 0 240 -80 0 -80 0 0 -240z\"><\/path><path d=\"M4400 1040 l0 -240 80 0 80 0 0 240 0 240 -80 0 -80 0 0 -240z\"><\/path><\/g><\/svg>\t\t\t\t<\/a><\/p>\n<h3>\n\t\t\t\t\t<a href=\"https:\/\/www.proofhouse.rs\/?page_id=90\">Istorija<\/a><br \/>\n\t\t\t\t<\/h3>\n<p>Istorijat zavoda za ispitivanje oru\u017eja i municije<\/p>\n","protected":false},"excerpt":{"rendered":"<p>Created by potrace 1.15, written by Peter Selinger 2001-2017 Ispitivanje oru\u017eja Ispitivanje i \u017eigosanje ru\u010dnog vatrenog oru\u017eja Ispitivanje municije Ispitivanje i kontrola municije Created by potrace 1.15, written by Peter Selinger 2001-2017 Istorija Istorijat zavoda&hellip;<\/p>\n","protected":false},"author":1,"featured_media":0,"parent":0,"menu_order":0,"comment_status":"closed","ping_status":"closed","template":"elementor_header_footer","meta":{"footnotes":""},"_links":{"self":[{"href":"https:\/\/www.proofhouse.rs\/index.php?rest_route=\/wp\/v2\/pages\/15"}],"collection":[{"href":"https:\/\/www.proofhouse.rs\/index.php?rest_route=\/wp\/v2\/pages"}],"about":[{"href":"https:\/\/www.proofhouse.rs\/index.php?rest_route=\/wp\/v2\/types\/page"}],"author":[{"embeddable":true,"href":"https:\/\/www.proofhouse.rs\/index.php?rest_route=\/wp\/v2\/users\/1"}],"replies":[{"embeddable":true,"href":"https:\/\/www.proofhouse.rs\/index.php?rest_route=%2Fwp%2Fv2%2Fcomments&post=15"}],"version-history":[{"count":45,"href":"https:\/\/www.proofhouse.rs\/index.php?rest_route=\/wp\/v2\/pages\/15\/revisions"}],"predecessor-version":[{"id":420,"href":"https:\/\/www.proofhouse.rs\/index.php?rest_route=\/wp\/v2\/pages\/15\/revisions\/420"}],"wp:attachment":[{"href":"https:\/\/www.proofhouse.rs\/index.php?rest_route=%2Fwp%2Fv2%2Fmedia&parent=15"}],"curies":[{"name":"wp","href":"https:\/\/api.w.org\/{rel}","templated":true}]}}