{"id":24,"date":"2019-08-14T09:54:15","date_gmt":"2019-08-14T09:54:15","guid":{"rendered":"https:\/\/www.proofhouse.rs\/?page_id=24"},"modified":"2022-09-28T11:28:30","modified_gmt":"2022-09-28T11:28:30","slug":"usluge","status":"publish","type":"page","link":"https:\/\/www.proofhouse.rs\/?page_id=24","title":{"rendered":"Usluge"},"content":{"rendered":"<figure><a href=\"https:\/\/www.proofhouse.rs\/wordpress\/?p=1\"><img decoding=\"async\" width=\"2304\" height=\"1728\" src=\"https:\/\/www.proofhouse.rs\/wp-content\/uploads\/2019\/08\/IMG_0199.jpg\" alt=\"\" loading=\"lazy\" \/><\/a><\/figure>\n<h3><a href=\"https:\/\/www.proofhouse.rs\/wordpress\/?p=1\">1.Ispitivanje i \u017eigosanje ru\u010dnog vatrenog oru\u017eja: lova\u010dkih pu\u0161aka, lova\u010dkih karabina, malokalibarskih pu\u0161aka, pi\u0161tolja, revolvera, onesposobljenog (deaktiviranog) oru\u017eja i ostalog oru\u017eja koje za pogon koristi energiju barutnih gasova.<\/a><\/h3>\n<figure><img decoding=\"async\" width=\"300\" height=\"225\" src=\"https:\/\/www.proofhouse.rs\/wp-content\/uploads\/2019\/08\/IMG_0121-300x225.jpg\" alt=\"\" loading=\"lazy\" \/><\/figure>\n<h3>2.Ispitivanje i kontrola municije: pi\u0161toljske, karabinske, sa\u010dmarske, signalne, startne, kao i municije za naprave. Ispitivanje elemenata municije: \u010daura, baruta, kapisli, zrna, sa\u010dme, \u010depova, poklopaca&#8230;<\/h3>\n<h3>3. Homologacija i ispitivanje naprava i alata koji slu\u017ee za tehnolo\u0161ke svrhe u industriji i gra\u0111evinarstvu: pi\u0161tolja za omamljivanje i pi\u0161tolja za spajanje \u010dvrstih materijala, koji za pogon koriste energiju barutnih gasova.<\/h3>\n<h3>4.Ispitivanje i \u017eigosanje popravljenog i prepravljenog ru\u010dnog vatrenog oru\u017eja.<\/h3>\n<h3>5.Periodi\u010dna provera tehni\u010dke ispravnosti ru\u010dnog vatrenog oru\u017eja u eksploataciji.<\/h3>\n<h3>6.Istra\u017eivanje i ispitivanje novih vrsta i konstrukcija oru\u017eja i municije.<\/h3>\n<h3>7.Ekspertize i ve\u0161ta\u010denja koja se odnose na oru\u017eje, municiju i naprave koje za svoj pogon koriste barutne gasove.<\/h3>\n<figure><a href=\"https:\/\/www.proofhouse.rs\/wordpress\/?p=156\"><img decoding=\"async\" src=\"https:\/\/www.proofhouse.rs\/wp-content\/uploads\/elementor\/thumbs\/viber_image_2019-08-19_00-01-21-ocgyspc838rnk0x1niays5e92zkf2ya48qzq1u9mis.jpg\" title=\"viber_image_2019-08-19_00-01-21\" alt=\"viber_image_2019-08-19_00-01-21\" \/><\/a><\/figure>\n<h3><a href=\"https:\/\/www.proofhouse.rs\/wordpress\/?p=156\">8. Teorijska i prakti\u010dna obuka budu\u0107ih korisnika oru\u017eja.<\/a><\/h3>\n<h3>9.Li\u010dna provera i pode\u0161avanje ta\u010dnosti oru\u017eja prema individualnim zahtevima i osobinama oru\u017eja, municije i strelaca sa prakticnom ve\u017ebom gadjanja i obukom.<\/h3>\n<h3>10.Provera posipa i ta\u010dnosti pu\u0161aka sa glatkim cevima.<\/h3>\n<h3>11.Viziranje oru\u017eja od strane strelca uz li\u010dnu proveru vlasnika sa kor\u0161\u0107enjem tunela.<\/h3>\n<h3>12.Provera funkcionalne i tehni\u010dke ispravnosti oru\u017eja sa proverom ta\u010dnosti i preciznosti.<\/h3>\n<h3>13.Monta\u017ea opti\u010dkog ni\u0161ana.<\/h3>\n<figure><img decoding=\"async\" width=\"768\" height=\"576\" src=\"https:\/\/www.proofhouse.rs\/wp-content\/uploads\/2019\/08\/IMG_0224-768x576.jpg\" alt=\"\" loading=\"lazy\" \/><\/figure>\n<h3>14.Onesposobljavanje oru\u017eja<\/h3>\n","protected":false},"excerpt":{"rendered":"<p>1.Ispitivanje i \u017eigosanje ru\u010dnog vatrenog oru\u017eja: lova\u010dkih pu\u0161aka, lova\u010dkih karabina, malokalibarskih pu\u0161aka, pi\u0161tolja, revolvera, onesposobljenog (deaktiviranog) oru\u017eja i ostalog oru\u017eja koje za pogon koristi energiju barutnih gasova. 2.Ispitivanje i kontrola municije: pi\u0161toljske, karabinske, sa\u010dmarske, signalne,&hellip;<\/p>\n","protected":false},"author":1,"featured_media":0,"parent":0,"menu_order":0,"comment_status":"closed","ping_status":"closed","template":"elementor_header_footer","meta":{"footnotes":""},"_links":{"self":[{"href":"https:\/\/www.proofhouse.rs\/index.php?rest_route=\/wp\/v2\/pages\/24"}],"collection":[{"href":"https:\/\/www.proofhouse.rs\/index.php?rest_route=\/wp\/v2\/pages"}],"about":[{"href":"https:\/\/www.proofhouse.rs\/index.php?rest_route=\/wp\/v2\/types\/page"}],"author":[{"embeddable":true,"href":"https:\/\/www.proofhouse.rs\/index.php?rest_route=\/wp\/v2\/users\/1"}],"replies":[{"embeddable":true,"href":"https:\/\/www.proofhouse.rs\/index.php?rest_route=%2Fwp%2Fv2%2Fcomments&post=24"}],"version-history":[{"count":21,"href":"https:\/\/www.proofhouse.rs\/index.php?rest_route=\/wp\/v2\/pages\/24\/revisions"}],"predecessor-version":[{"id":618,"href":"https:\/\/www.proofhouse.rs\/index.php?rest_route=\/wp\/v2\/pages\/24\/revisions\/618"}],"wp:attachment":[{"href":"https:\/\/www.proofhouse.rs\/index.php?rest_route=%2Fwp%2Fv2%2Fmedia&parent=24"}],"curies":[{"name":"wp","href":"https:\/\/api.w.org\/{rel}","templated":true}]}}