{"id":257,"date":"2019-08-18T21:45:35","date_gmt":"2019-08-18T21:45:35","guid":{"rendered":"https:\/\/www.proofhouse.rs\/?page_id=257"},"modified":"2019-08-18T22:17:28","modified_gmt":"2019-08-18T22:17:28","slug":"elementor-257","status":"publish","type":"page","link":"https:\/\/www.proofhouse.rs\/?page_id=257","title":{"rendered":"Ispitivanje municije"},"content":{"rendered":"<h6>Ispitivanje i kontrola municije: pi\u0161toljske, karabinske, sa\u010dmarske, signalne, startne, kao i municije za naprave. Ispitivanje elemenata municije: \u010daura, baruta, kapisli, zrna, sa\u010dme, \u010depova, poklopaca&#8230;<\/h6>\n<figure><a href=\"https:\/\/www.proofhouse.rs\/wp-content\/uploads\/2019\/08\/IMG_0137.jpg\" data-elementor-open-lightbox=\"default\" data-elementor-lightbox-slideshow=\"3d7d363\" data-elementor-lightbox-index=\"0\"><img decoding=\"async\" src=\"https:\/\/www.proofhouse.rs\/wp-content\/uploads\/elementor\/thumbs\/IMG_0137-ocgxwtnfrvoi15xxoc3r81t2fjnkzf6lc134raotp4.jpg\" alt=\"IMG_0137\" \/><\/a><\/figure>\n<figure><a href=\"https:\/\/www.proofhouse.rs\/wp-content\/uploads\/2019\/08\/IMG_0134.jpg\" data-elementor-open-lightbox=\"default\" data-elementor-lightbox-slideshow=\"3d7d363\" data-elementor-lightbox-index=\"1\"><img decoding=\"async\" src=\"https:\/\/www.proofhouse.rs\/wp-content\/uploads\/elementor\/thumbs\/IMG_0134-ocgxwrrre7lxdy0nzbai32a58rwuk0z4nrs5sqrm1k.jpg\" alt=\"IMG_0134\" \/><\/a><\/figure>\n<figure><a href=\"https:\/\/www.proofhouse.rs\/wp-content\/uploads\/2019\/08\/IMG_0128.jpg\" data-elementor-open-lightbox=\"default\" data-elementor-lightbox-slideshow=\"3d7d363\" data-elementor-lightbox-index=\"2\"><img decoding=\"async\" src=\"https:\/\/www.proofhouse.rs\/wp-content\/uploads\/elementor\/thumbs\/IMG_0128-ocgxwoy8tpi2f44rfs2mdkzrgmaqwxnxndtpcwvsk8.jpg\" alt=\"IMG_0128\" \/><\/a><\/figure>\n<figure><a href=\"https:\/\/www.proofhouse.rs\/wp-content\/uploads\/2019\/08\/IMG_0121.jpg\" data-elementor-open-lightbox=\"default\" data-elementor-lightbox-slideshow=\"3d7d363\" data-elementor-lightbox-index=\"3\"><img decoding=\"async\" src=\"https:\/\/www.proofhouse.rs\/wp-content\/uploads\/elementor\/thumbs\/IMG_0121-oc96o59s6abn1o0m90eiqt3j900rter1vwbe9jw6zc.jpg\" alt=\"IMG_0121\" \/><\/a><\/figure>\n<figure><a href=\"https:\/\/www.proofhouse.rs\/wp-content\/uploads\/2019\/08\/IMG_0148.jpg\" data-elementor-open-lightbox=\"default\" data-elementor-lightbox-slideshow=\"3d7d363\" data-elementor-lightbox-index=\"4\"><img decoding=\"async\" src=\"https:\/\/www.proofhouse.rs\/wp-content\/uploads\/elementor\/thumbs\/IMG_0148-oc98rpipktrgd69b0o8u6qnie3l0lgq8xwal4buus8.jpg\" alt=\"IMG_0148\" \/><\/a><\/figure>\n<figure><a href=\"https:\/\/www.proofhouse.rs\/wp-content\/uploads\/2019\/08\/IMG_0124-2.jpg\" data-elementor-open-lightbox=\"default\" data-elementor-lightbox-slideshow=\"3d7d363\" data-elementor-lightbox-index=\"5\"><img decoding=\"async\" src=\"https:\/\/www.proofhouse.rs\/wp-content\/uploads\/elementor\/thumbs\/IMG_0124-2-oc98rktimnl0r4g4s47pc9u7f686iz7l9915py1tnc.jpg\" alt=\"IMG_0124-2\" \/><\/a><\/figure>\n","protected":false},"excerpt":{"rendered":"<p>Ispitivanje i kontrola municije: pi\u0161toljske, karabinske, sa\u010dmarske, signalne, startne, kao i municije za naprave. Ispitivanje elemenata municije: \u010daura, baruta, kapisli, zrna, sa\u010dme, \u010depova, poklopaca&#8230;<\/p>\n","protected":false},"author":1,"featured_media":0,"parent":0,"menu_order":0,"comment_status":"closed","ping_status":"closed","template":"","meta":{"footnotes":""},"_links":{"self":[{"href":"https:\/\/www.proofhouse.rs\/index.php?rest_route=\/wp\/v2\/pages\/257"}],"collection":[{"href":"https:\/\/www.proofhouse.rs\/index.php?rest_route=\/wp\/v2\/pages"}],"about":[{"href":"https:\/\/www.proofhouse.rs\/index.php?rest_route=\/wp\/v2\/types\/page"}],"author":[{"embeddable":true,"href":"https:\/\/www.proofhouse.rs\/index.php?rest_route=\/wp\/v2\/users\/1"}],"replies":[{"embeddable":true,"href":"https:\/\/www.proofhouse.rs\/index.php?rest_route=%2Fwp%2Fv2%2Fcomments&post=257"}],"version-history":[{"count":10,"href":"https:\/\/www.proofhouse.rs\/index.php?rest_route=\/wp\/v2\/pages\/257\/revisions"}],"predecessor-version":[{"id":284,"href":"https:\/\/www.proofhouse.rs\/index.php?rest_route=\/wp\/v2\/pages\/257\/revisions\/284"}],"wp:attachment":[{"href":"https:\/\/www.proofhouse.rs\/index.php?rest_route=%2Fwp%2Fv2%2Fmedia&parent=257"}],"curies":[{"name":"wp","href":"https:\/\/api.w.org\/{rel}","templated":true}]}}