{"id":315,"date":"2020-01-26T23:33:42","date_gmt":"2020-01-26T23:33:42","guid":{"rendered":"https:\/\/www.proofhouse.rs\/?page_id=315"},"modified":"2021-03-14T00:17:14","modified_gmt":"2021-03-14T00:17:14","slug":"50-godina-zavoda","status":"publish","type":"page","link":"https:\/\/www.proofhouse.rs\/?page_id=315","title":{"rendered":"50 Godina Zavoda"},"content":{"rendered":"<p><iframe loading=\"lazy\" title=\"Zavod za ispitivanje oru\u017eja i municije - 50 godina rada\" width=\"1000\" height=\"563\" src=\"https:\/\/www.youtube.com\/embed\/oCFhqhPIEug?feature=oembed\" frameborder=\"0\" allow=\"accelerometer; autoplay; clipboard-write; encrypted-media; gyroscope; picture-in-picture\" allowfullscreen><\/iframe><\/p>\n<p><strong>Kragujeva\u010dki Zavod za ispitivanje oru\u017eja i municije obele\u017eio je 50 godina rada.<\/strong><\/p>\n<p>Godine 1973 SFRJ je postala punopravna \u010dlanica Stalne me\u0111unarodne komisije za ispitivanje ru\u010dnog vatrenog oru\u017eja (CIP), \u010dime su bili priznati \u017eigovi Zavoda iz Kragujevca. Raspadom SFRJ \u017eigovi Zavoda izgubili su me\u0111unarodno priznanje i to na\u017ealost traje do danas. Poslednjih 27 godina Zavod se bori da povrati me\u0111unarodno priznanje \u017eigova ali to se na\u017ealost do danas nije dogodilo.<\/p>\n<p>Posle unutra\u0161njih dru\u0161tvenih promena, razdru\u017eivanja Srbije i Crne Gore i priprema Srbije za pridru\u017eivanje Evropskoj uniji, do\u0161lo je do potrebe usvajanja novog zakona radi usagla\u0161avanja sa evropskim praksama. Pre ne\u0161to vi\u0161e od godinu dana usvojen je novi Zakon o ispitivanju, \u017eigosanju i obele\u017eavanju oru\u017eja, naprava i municije.<\/p>\n<p>Novi Zakon o ispitivanju i \u017eigosanju municije koji prati i Pravilnik uliva nadu da \u0107e \u017eigovi kragujeva\u010dkog Zavoda ponovo biti priznati u svetu, \u0161to bi zna\u010dilo da na\u0161i proizvo\u0111a\u010di oru\u017eja, ne bi imali dodatne tro\u0161kove pri plsamanu civilnog oru\u017eja na svetsko tr\u017ei\u0161te.<\/p>\n<p>Primenom ovog zakona prakti\u010dno \u0107e prestati sa radom Zavod za ispitivanje oru\u017eja i municije, dru\u0161tvo sa ograni\u010denom odgovorno\u0161\u0107u, a sva prava, obaveze, poslove, zaposlene, sredstva, dokumentaciju i predmete preuze\u0107e novoosnovana Agencija za ispitivanje, \u017eigosanje i obele\u017eavanje oru\u017eja, naprava i municije.<\/p>\n<p>Agencija obavlja poslove ispitivanja (pojedina\u010dno ispitivanje oru\u017eja i naprava, pojedina\u010dno ispitivanje municije, dobrovoljno ispitivanje, tormentaciju i poja\u010dano ispitivanje, ispitivanje onesposobljenog oru\u017eja), \u017eigosanja, obele\u017eavanja, homologacije oru\u017eja, njihovih osnovnih delova, naprava, municije, elemenata municije i kontrole tipa municije.<\/p>\n<p>Ove poslove vr\u0161i kao poverene poslove. Nadzor nad Agencijom vr\u0161i Ministarstvo unutra\u0161njih poslova.<\/p>\n<p>Agencija se finansira iz cene usluga koje pla\u0107aju korisnici usluga, iz donacija I drugih bespovratnih davanja kao i iz ostalih izvora.<\/p>\n<p>Me\u0111unarodna saradnja u oblasti ispitivanja, obele\u017eavanja i \u017eigosanja ru\u010dnog vatrenog oru\u017eja, naprava i municije, prema \u010dlanu 36 Zakona, ostvaruje se zaklju\u010divanjem me\u0111unarodnih ugovora, \u010dlanstvom i u\u010de\u0161\u0107em u radu C.I.P.-a, me\u0111usobnim obave\u0161tavanjem i razmenom informacija sa drugim dr\u017eavama \u010dlanicama Komisije i njenim Stalnim biroom, kao i pripremanje, organizovanjem i u\u010destvovanjem na me\u0111unarodnim plenarnim sednicama, potkosmisijama i radnim grupama C.I.P.<\/p>\n<p>Primenom ovog zakona sti\u010du se uslovi za pokretanje inicijative za povratak Zavoda, odnosno nove Agencije za ispitivanje i \u017eigosanje i obele\u017eavanje oru\u017eja, naprava i municije, u Stalnu me\u0111unarodnu komisiju &#8211; C.I.P.<\/p>\n<p>Prilikom proslave 50 godina Zavoda uru\u010dene su zahvalnice dugogodi\u0161njim saradnicima, a osniva\u010du fabrici \u201eZastava oru\u017eje\u201c i plaketa na \u010diju je inicijativu i zbog potreba proizvodnih programa fabrike 1969. godine osnovan Zavod za ispitivanje oru\u017eja i municije.<\/p>\n<figure><img loading=\"lazy\" decoding=\"async\" class=\"size-medium wp-image-339\" src=\"https:\/\/www.proofhouse.rs\/wp-content\/uploads\/2020\/01\/DSC_0084-300x295.jpg\" alt=\"\" width=\"300\" height=\"295\" srcset=\"https:\/\/www.proofhouse.rs\/wp-content\/uploads\/2020\/01\/DSC_0084-300x295.jpg 300w, https:\/\/www.proofhouse.rs\/wp-content\/uploads\/2020\/01\/DSC_0084-768x754.jpg 768w, https:\/\/www.proofhouse.rs\/wp-content\/uploads\/2020\/01\/DSC_0084-611x600.jpg 611w, https:\/\/www.proofhouse.rs\/wp-content\/uploads\/2020\/01\/DSC_0084.jpg 782w\" sizes=\"(max-width: 300px) 100vw, 300px\" \/><\/p>\n<p><img loading=\"lazy\" decoding=\"async\" class=\"size-medium wp-image-338\" src=\"https:\/\/www.proofhouse.rs\/wp-content\/uploads\/2020\/01\/DSC_0081-300x228.jpg\" alt=\"\" width=\"300\" height=\"228\" srcset=\"https:\/\/www.proofhouse.rs\/wp-content\/uploads\/2020\/01\/DSC_0081-300x228.jpg 300w, https:\/\/www.proofhouse.rs\/wp-content\/uploads\/2020\/01\/DSC_0081-768x583.jpg 768w, https:\/\/www.proofhouse.rs\/wp-content\/uploads\/2020\/01\/DSC_0081-790x600.jpg 790w, https:\/\/www.proofhouse.rs\/wp-content\/uploads\/2020\/01\/DSC_0081.jpg 1011w\" sizes=\"(max-width: 300px) 100vw, 300px\" \/><\/p>\n<p><img loading=\"lazy\" decoding=\"async\" class=\"size-medium wp-image-337\" src=\"https:\/\/www.proofhouse.rs\/wp-content\/uploads\/2020\/01\/DSC_0078-192x300.jpg\" alt=\"\" width=\"192\" height=\"300\" srcset=\"https:\/\/www.proofhouse.rs\/wp-content\/uploads\/2020\/01\/DSC_0078-192x300.jpg 192w, https:\/\/www.proofhouse.rs\/wp-content\/uploads\/2020\/01\/DSC_0078-385x600.jpg 385w, https:\/\/www.proofhouse.rs\/wp-content\/uploads\/2020\/01\/DSC_0078.jpg 657w\" sizes=\"(max-width: 192px) 100vw, 192px\" \/><\/p>\n<p><img loading=\"lazy\" decoding=\"async\" class=\"size-medium wp-image-336\" src=\"https:\/\/www.proofhouse.rs\/wp-content\/uploads\/2020\/01\/DSC_0065-211x300.jpg\" alt=\"\" width=\"211\" height=\"300\" srcset=\"https:\/\/www.proofhouse.rs\/wp-content\/uploads\/2020\/01\/DSC_0065-211x300.jpg 211w, https:\/\/www.proofhouse.rs\/wp-content\/uploads\/2020\/01\/DSC_0065-422x600.jpg 422w, https:\/\/www.proofhouse.rs\/wp-content\/uploads\/2020\/01\/DSC_0065.jpg 720w\" sizes=\"(max-width: 211px) 100vw, 211px\" \/><\/p>\n<p><img loading=\"lazy\" decoding=\"async\" class=\"size-medium wp-image-335\" src=\"https:\/\/www.proofhouse.rs\/wp-content\/uploads\/2020\/01\/DSC_0059-225x300.jpg\" alt=\"\" width=\"225\" height=\"300\" srcset=\"https:\/\/www.proofhouse.rs\/wp-content\/uploads\/2020\/01\/DSC_0059-225x300.jpg 225w, https:\/\/www.proofhouse.rs\/wp-content\/uploads\/2020\/01\/DSC_0059-450x600.jpg 450w, https:\/\/www.proofhouse.rs\/wp-content\/uploads\/2020\/01\/DSC_0059.jpg 768w\" sizes=\"(max-width: 225px) 100vw, 225px\" \/><\/p>\n<p><img loading=\"lazy\" decoding=\"async\" class=\"size-medium wp-image-334\" src=\"https:\/\/www.proofhouse.rs\/wp-content\/uploads\/2020\/01\/DSC_0057-213x300.jpg\" alt=\"\" width=\"213\" height=\"300\" srcset=\"https:\/\/www.proofhouse.rs\/wp-content\/uploads\/2020\/01\/DSC_0057-213x300.jpg 213w, https:\/\/www.proofhouse.rs\/wp-content\/uploads\/2020\/01\/DSC_0057-427x600.jpg 427w, https:\/\/www.proofhouse.rs\/wp-content\/uploads\/2020\/01\/DSC_0057.jpg 728w\" sizes=\"(max-width: 213px) 100vw, 213px\" \/><\/p>\n<p><img loading=\"lazy\" decoding=\"async\" class=\"size-medium wp-image-333\" src=\"https:\/\/www.proofhouse.rs\/wp-content\/uploads\/2020\/01\/DSC_0054-190x300.jpg\" alt=\"\" width=\"190\" height=\"300\" srcset=\"https:\/\/www.proofhouse.rs\/wp-content\/uploads\/2020\/01\/DSC_0054-190x300.jpg 190w, https:\/\/www.proofhouse.rs\/wp-content\/uploads\/2020\/01\/DSC_0054-381x600.jpg 381w, https:\/\/www.proofhouse.rs\/wp-content\/uploads\/2020\/01\/DSC_0054.jpg 650w\" sizes=\"(max-width: 190px) 100vw, 190px\" \/><\/p>\n<p><img loading=\"lazy\" decoding=\"async\" class=\"size-medium wp-image-332\" src=\"https:\/\/www.proofhouse.rs\/wp-content\/uploads\/2020\/01\/DSC_0051-233x300.jpg\" alt=\"\" width=\"233\" height=\"300\" srcset=\"https:\/\/www.proofhouse.rs\/wp-content\/uploads\/2020\/01\/DSC_0051-233x300.jpg 233w, https:\/\/www.proofhouse.rs\/wp-content\/uploads\/2020\/01\/DSC_0051-467x600.jpg 467w, https:\/\/www.proofhouse.rs\/wp-content\/uploads\/2020\/01\/DSC_0051.jpg 768w\" sizes=\"(max-width: 233px) 100vw, 233px\" \/><\/p>\n<p><img loading=\"lazy\" decoding=\"async\" class=\"size-medium wp-image-331\" src=\"https:\/\/www.proofhouse.rs\/wp-content\/uploads\/2020\/01\/DSC_0050-257x300.jpg\" alt=\"\" width=\"257\" height=\"300\" srcset=\"https:\/\/www.proofhouse.rs\/wp-content\/uploads\/2020\/01\/DSC_0050-257x300.jpg 257w, https:\/\/www.proofhouse.rs\/wp-content\/uploads\/2020\/01\/DSC_0050-514x600.jpg 514w, https:\/\/www.proofhouse.rs\/wp-content\/uploads\/2020\/01\/DSC_0050.jpg 768w\" sizes=\"(max-width: 257px) 100vw, 257px\" \/><\/p>\n<p><img loading=\"lazy\" decoding=\"async\" class=\"size-medium wp-image-330\" src=\"https:\/\/www.proofhouse.rs\/wp-content\/uploads\/2020\/01\/DSC_0048-285x300.jpg\" alt=\"\" width=\"285\" height=\"300\" srcset=\"https:\/\/www.proofhouse.rs\/wp-content\/uploads\/2020\/01\/DSC_0048-285x300.jpg 285w, https:\/\/www.proofhouse.rs\/wp-content\/uploads\/2020\/01\/DSC_0048-570x600.jpg 570w, https:\/\/www.proofhouse.rs\/wp-content\/uploads\/2020\/01\/DSC_0048.jpg 768w\" sizes=\"(max-width: 285px) 100vw, 285px\" \/><\/p>\n<p><img loading=\"lazy\" decoding=\"async\" class=\"size-medium wp-image-329\" src=\"https:\/\/www.proofhouse.rs\/wp-content\/uploads\/2020\/01\/DSC_0046-300x288.jpg\" alt=\"\" width=\"300\" height=\"288\" srcset=\"https:\/\/www.proofhouse.rs\/wp-content\/uploads\/2020\/01\/DSC_0046-300x288.jpg 300w, https:\/\/www.proofhouse.rs\/wp-content\/uploads\/2020\/01\/DSC_0046-768x738.jpg 768w, https:\/\/www.proofhouse.rs\/wp-content\/uploads\/2020\/01\/DSC_0046-624x600.jpg 624w, https:\/\/www.proofhouse.rs\/wp-content\/uploads\/2020\/01\/DSC_0046.jpg 799w\" sizes=\"(max-width: 300px) 100vw, 300px\" \/><\/p>\n<p><img loading=\"lazy\" decoding=\"async\" class=\"size-medium wp-image-328\" src=\"https:\/\/www.proofhouse.rs\/wp-content\/uploads\/2020\/01\/DSC_0042-300x281.jpg\" alt=\"\" width=\"300\" height=\"281\" srcset=\"https:\/\/www.proofhouse.rs\/wp-content\/uploads\/2020\/01\/DSC_0042-300x281.jpg 300w, https:\/\/www.proofhouse.rs\/wp-content\/uploads\/2020\/01\/DSC_0042-768x718.jpg 768w, https:\/\/www.proofhouse.rs\/wp-content\/uploads\/2020\/01\/DSC_0042-641x600.jpg 641w, https:\/\/www.proofhouse.rs\/wp-content\/uploads\/2020\/01\/DSC_0042.jpg 821w\" sizes=\"(max-width: 300px) 100vw, 300px\" \/><\/p>\n<p><img loading=\"lazy\" decoding=\"async\" class=\"size-medium wp-image-327\" src=\"https:\/\/www.proofhouse.rs\/wp-content\/uploads\/2020\/01\/DSC_0040-291x300.jpg\" alt=\"\" width=\"291\" height=\"300\" srcset=\"https:\/\/www.proofhouse.rs\/wp-content\/uploads\/2020\/01\/DSC_0040-291x300.jpg 291w, https:\/\/www.proofhouse.rs\/wp-content\/uploads\/2020\/01\/DSC_0040-581x600.jpg 581w, https:\/\/www.proofhouse.rs\/wp-content\/uploads\/2020\/01\/DSC_0040.jpg 768w\" sizes=\"(max-width: 291px) 100vw, 291px\" \/><\/p>\n<p><img loading=\"lazy\" decoding=\"async\" class=\"size-medium wp-image-326\" src=\"https:\/\/www.proofhouse.rs\/wp-content\/uploads\/2020\/01\/DSC_0038-300x227.jpg\" alt=\"\" width=\"300\" height=\"227\" srcset=\"https:\/\/www.proofhouse.rs\/wp-content\/uploads\/2020\/01\/DSC_0038-300x227.jpg 300w, https:\/\/www.proofhouse.rs\/wp-content\/uploads\/2020\/01\/DSC_0038-768x581.jpg 768w, https:\/\/www.proofhouse.rs\/wp-content\/uploads\/2020\/01\/DSC_0038-794x600.jpg 794w, https:\/\/www.proofhouse.rs\/wp-content\/uploads\/2020\/01\/DSC_0038.jpg 1016w\" sizes=\"(max-width: 300px) 100vw, 300px\" \/><\/p>\n<p><img loading=\"lazy\" decoding=\"async\" class=\"size-medium wp-image-325\" src=\"https:\/\/www.proofhouse.rs\/wp-content\/uploads\/2020\/01\/DSC_0034-300x284.jpg\" alt=\"\" width=\"300\" height=\"284\" srcset=\"https:\/\/www.proofhouse.rs\/wp-content\/uploads\/2020\/01\/DSC_0034-300x284.jpg 300w, https:\/\/www.proofhouse.rs\/wp-content\/uploads\/2020\/01\/DSC_0034-768x728.jpg 768w, https:\/\/www.proofhouse.rs\/wp-content\/uploads\/2020\/01\/DSC_0034-633x600.jpg 633w, https:\/\/www.proofhouse.rs\/wp-content\/uploads\/2020\/01\/DSC_0034.jpg 810w\" sizes=\"(max-width: 300px) 100vw, 300px\" \/><\/p>\n<p><img loading=\"lazy\" decoding=\"async\" class=\"size-medium wp-image-324\" src=\"https:\/\/www.proofhouse.rs\/wp-content\/uploads\/2020\/01\/DSC_0032-292x300.jpg\" alt=\"\" width=\"292\" height=\"300\" srcset=\"https:\/\/www.proofhouse.rs\/wp-content\/uploads\/2020\/01\/DSC_0032-292x300.jpg 292w, https:\/\/www.proofhouse.rs\/wp-content\/uploads\/2020\/01\/DSC_0032-585x600.jpg 585w, https:\/\/www.proofhouse.rs\/wp-content\/uploads\/2020\/01\/DSC_0032.jpg 768w\" sizes=\"(max-width: 292px) 100vw, 292px\" \/><\/figure>\n<p>Previous<br \/>\nNext<\/p>\n","protected":false},"excerpt":{"rendered":"<p>Kragujeva\u010dki Zavod za ispitivanje oru\u017eja i municije obele\u017eio je 50 godina rada. Godine 1973 SFRJ je postala punopravna \u010dlanica Stalne me\u0111unarodne komisije za ispitivanje ru\u010dnog vatrenog oru\u017eja (CIP), \u010dime su bili priznati \u017eigovi Zavoda iz&hellip;<\/p>\n","protected":false},"author":1,"featured_media":0,"parent":0,"menu_order":0,"comment_status":"closed","ping_status":"closed","template":"","meta":{"footnotes":""},"_links":{"self":[{"href":"https:\/\/www.proofhouse.rs\/index.php?rest_route=\/wp\/v2\/pages\/315"}],"collection":[{"href":"https:\/\/www.proofhouse.rs\/index.php?rest_route=\/wp\/v2\/pages"}],"about":[{"href":"https:\/\/www.proofhouse.rs\/index.php?rest_route=\/wp\/v2\/types\/page"}],"author":[{"embeddable":true,"href":"https:\/\/www.proofhouse.rs\/index.php?rest_route=\/wp\/v2\/users\/1"}],"replies":[{"embeddable":true,"href":"https:\/\/www.proofhouse.rs\/index.php?rest_route=%2Fwp%2Fv2%2Fcomments&post=315"}],"version-history":[{"count":13,"href":"https:\/\/www.proofhouse.rs\/index.php?rest_route=\/wp\/v2\/pages\/315\/revisions"}],"predecessor-version":[{"id":465,"href":"https:\/\/www.proofhouse.rs\/index.php?rest_route=\/wp\/v2\/pages\/315\/revisions\/465"}],"wp:attachment":[{"href":"https:\/\/www.proofhouse.rs\/index.php?rest_route=%2Fwp%2Fv2%2Fmedia&parent=315"}],"curies":[{"name":"wp","href":"https:\/\/api.w.org\/{rel}","templated":true}]}}