{"id":367,"date":"2020-10-30T07:59:49","date_gmt":"2020-10-30T07:59:49","guid":{"rendered":"https:\/\/www.proofhouse.rs\/?page_id=367"},"modified":"2020-11-11T23:03:50","modified_gmt":"2020-11-11T23:03:50","slug":"spisak-katergorizovanog-tetivnog-oruzja","status":"publish","type":"page","link":"https:\/\/www.proofhouse.rs\/?page_id=367","title":{"rendered":"Spisak katergorizovanog tetivnog oru\u017eja"},"content":{"rendered":"\n<p>Samostreli:<\/p>\n\n\n\n<figure class=\"wp-block-embed-wordpress wp-block-embed is-type-wp-embed is-provider-agencija-za-ispitivanje-zigosanje-i-obelezavanje-oruzja-naprava-i-municije\"><div class=\"wp-block-embed__wrapper\">\n<blockquote class=\"wp-embedded-content\" data-secret=\"VW8D6lf004\"><a href=\"https:\/\/www.proofhouse.rs\/?page_id=377\">Samostreli<\/a><\/blockquote><iframe class=\"wp-embedded-content\" sandbox=\"allow-scripts\" security=\"restricted\" style=\"position: absolute; clip: rect(1px, 1px, 1px, 1px);\" title=\"&#8220;Samostreli&#8221; &#8212; Agencija za ispitivanje, \u017eigosanje i obele\u017eavanje oru\u017eja, naprava i municije\" src=\"https:\/\/www.proofhouse.rs\/?page_id=377&#038;embed=true#?secret=r6fS0Rzzfe#?secret=VW8D6lf004\" data-secret=\"VW8D6lf004\" width=\"600\" height=\"338\" frameborder=\"0\" marginwidth=\"0\" marginheight=\"0\" scrolling=\"no\"><\/iframe>\n<\/div><\/figure>\n\n\n\n<p>Lukovi:<\/p>\n\n\n\n<figure class=\"wp-block-embed-wordpress wp-block-embed is-type-wp-embed is-provider-agencija-za-ispitivanje-zigosanje-i-obelezavanje-oruzja-naprava-i-municije\"><div class=\"wp-block-embed__wrapper\">\n<blockquote class=\"wp-embedded-content\" data-secret=\"7OEIkpXCMr\"><a href=\"https:\/\/www.proofhouse.rs\/?page_id=375\">Lukovi<\/a><\/blockquote><iframe class=\"wp-embedded-content\" sandbox=\"allow-scripts\" security=\"restricted\" style=\"position: absolute; clip: rect(1px, 1px, 1px, 1px);\" title=\"&#8220;Lukovi&#8221; &#8212; Agencija za ispitivanje, \u017eigosanje i obele\u017eavanje oru\u017eja, naprava i municije\" src=\"https:\/\/www.proofhouse.rs\/?page_id=375&#038;embed=true#?secret=CAFIsp6UR3#?secret=7OEIkpXCMr\" data-secret=\"7OEIkpXCMr\" width=\"600\" height=\"338\" frameborder=\"0\" marginwidth=\"0\" marginheight=\"0\" scrolling=\"no\"><\/iframe>\n<\/div><\/figure>\n","protected":false},"excerpt":{"rendered":"<p>Samostreli: Lukovi:<\/p>\n","protected":false},"author":1,"featured_media":0,"parent":0,"menu_order":0,"comment_status":"closed","ping_status":"closed","template":"","meta":{"footnotes":""},"_links":{"self":[{"href":"https:\/\/www.proofhouse.rs\/index.php?rest_route=\/wp\/v2\/pages\/367"}],"collection":[{"href":"https:\/\/www.proofhouse.rs\/index.php?rest_route=\/wp\/v2\/pages"}],"about":[{"href":"https:\/\/www.proofhouse.rs\/index.php?rest_route=\/wp\/v2\/types\/page"}],"author":[{"embeddable":true,"href":"https:\/\/www.proofhouse.rs\/index.php?rest_route=\/wp\/v2\/users\/1"}],"replies":[{"embeddable":true,"href":"https:\/\/www.proofhouse.rs\/index.php?rest_route=%2Fwp%2Fv2%2Fcomments&post=367"}],"version-history":[{"count":3,"href":"https:\/\/www.proofhouse.rs\/index.php?rest_route=\/wp\/v2\/pages\/367\/revisions"}],"predecessor-version":[{"id":573,"href":"https:\/\/www.proofhouse.rs\/index.php?rest_route=\/wp\/v2\/pages\/367\/revisions\/573"}],"wp:attachment":[{"href":"https:\/\/www.proofhouse.rs\/index.php?rest_route=%2Fwp%2Fv2%2Fmedia&parent=367"}],"curies":[{"name":"wp","href":"https:\/\/api.w.org\/{rel}","templated":true}]}}