{"id":369,"date":"2020-10-30T07:59:49","date_gmt":"2020-10-30T07:59:49","guid":{"rendered":"https:\/\/www.proofhouse.rs\/?page_id=369"},"modified":"2020-11-11T23:08:54","modified_gmt":"2020-11-11T23:08:54","slug":"spisak-kategorizovanog-vazdusnog-oruzja","status":"publish","type":"page","link":"https:\/\/www.proofhouse.rs\/?page_id=369","title":{"rendered":"Spisak kategorizovanog vazdu\u0161nog oru\u017eja"},"content":{"rendered":"\n<p>Vazdu\u0161ni pi\u0161tolji:<\/p>\n\n\n\n<figure class=\"wp-block-embed-wordpress wp-block-embed is-type-wp-embed is-provider-agencija-za-ispitivanje-zigosanje-i-obelezavanje-oruzja-naprava-i-municije\"><div class=\"wp-block-embed__wrapper\">\n<blockquote class=\"wp-embedded-content\" data-secret=\"7QBX7WYLpR\"><a href=\"https:\/\/www.proofhouse.rs\/?page_id=381\">Vazdu\u0161ni pi\u0161tolji<\/a><\/blockquote><iframe class=\"wp-embedded-content\" sandbox=\"allow-scripts\" security=\"restricted\" style=\"position: absolute; clip: rect(1px, 1px, 1px, 1px);\" title=\"&#8220;Vazdu\u0161ni pi\u0161tolji&#8221; &#8212; Agencija za ispitivanje, \u017eigosanje i obele\u017eavanje oru\u017eja, naprava i municije\" src=\"https:\/\/www.proofhouse.rs\/?page_id=381&#038;embed=true#?secret=7QBX7WYLpR\" data-secret=\"7QBX7WYLpR\" width=\"600\" height=\"338\" frameborder=\"0\" marginwidth=\"0\" marginheight=\"0\" scrolling=\"no\"><\/iframe>\n<\/div><\/figure>\n\n\n\n<p>Vazdu\u0161ne pu\u0161ke:<\/p>\n\n\n\n<figure class=\"wp-block-embed-wordpress wp-block-embed is-type-wp-embed is-provider-agencija-za-ispitivanje-zigosanje-i-obelezavanje-oruzja-naprava-i-municije\"><div class=\"wp-block-embed__wrapper\">\n<blockquote class=\"wp-embedded-content\" data-secret=\"G5PvQfujAS\"><a href=\"https:\/\/www.proofhouse.rs\/?page_id=379\">Vazdu\u0161ne pu\u0161ke<\/a><\/blockquote><iframe class=\"wp-embedded-content\" sandbox=\"allow-scripts\" security=\"restricted\" style=\"position: absolute; clip: rect(1px, 1px, 1px, 1px);\" title=\"&#8220;Vazdu\u0161ne pu\u0161ke&#8221; &#8212; Agencija za ispitivanje, \u017eigosanje i obele\u017eavanje oru\u017eja, naprava i municije\" src=\"https:\/\/www.proofhouse.rs\/?page_id=379&#038;embed=true#?secret=G5PvQfujAS\" data-secret=\"G5PvQfujAS\" width=\"600\" height=\"338\" frameborder=\"0\" marginwidth=\"0\" marginheight=\"0\" scrolling=\"no\"><\/iframe>\n<\/div><\/figure>\n","protected":false},"excerpt":{"rendered":"<p>Vazdu\u0161ni pi\u0161tolji: Vazdu\u0161ne pu\u0161ke:<\/p>\n","protected":false},"author":1,"featured_media":0,"parent":0,"menu_order":0,"comment_status":"closed","ping_status":"closed","template":"","meta":{"footnotes":""},"_links":{"self":[{"href":"https:\/\/www.proofhouse.rs\/index.php?rest_route=\/wp\/v2\/pages\/369"}],"collection":[{"href":"https:\/\/www.proofhouse.rs\/index.php?rest_route=\/wp\/v2\/pages"}],"about":[{"href":"https:\/\/www.proofhouse.rs\/index.php?rest_route=\/wp\/v2\/types\/page"}],"author":[{"embeddable":true,"href":"https:\/\/www.proofhouse.rs\/index.php?rest_route=\/wp\/v2\/users\/1"}],"replies":[{"embeddable":true,"href":"https:\/\/www.proofhouse.rs\/index.php?rest_route=%2Fwp%2Fv2%2Fcomments&post=369"}],"version-history":[{"count":2,"href":"https:\/\/www.proofhouse.rs\/index.php?rest_route=\/wp\/v2\/pages\/369\/revisions"}],"predecessor-version":[{"id":427,"href":"https:\/\/www.proofhouse.rs\/index.php?rest_route=\/wp\/v2\/pages\/369\/revisions\/427"}],"wp:attachment":[{"href":"https:\/\/www.proofhouse.rs\/index.php?rest_route=%2Fwp%2Fv2%2Fmedia&parent=369"}],"curies":[{"name":"wp","href":"https:\/\/api.w.org\/{rel}","templated":true}]}}