{"id":377,"date":"2020-10-30T08:04:21","date_gmt":"2020-10-30T08:04:21","guid":{"rendered":"https:\/\/www.proofhouse.rs\/?page_id=377"},"modified":"2024-06-13T11:33:01","modified_gmt":"2024-06-13T11:33:01","slug":"samostreli","status":"publish","type":"page","link":"https:\/\/www.proofhouse.rs\/?page_id=377","title":{"rendered":"Samostreli"},"content":{"rendered":"\n<figure class=\"wp-block-table\"><table><tbody><tr><td>REDNI BROJ<\/td><td>PROIZVO\u0110A\u010c<\/td><td>MODEL<\/td><td>VRSTA<\/td><td>KATEGORIJA<\/td><\/tr><tr><td>Br. 1<\/td><td>Hori-Zone<\/td><td>Kornet MXT 405<\/td><td>Slo\u017eeni samostrel<\/td><td>C<\/td><\/tr><tr><td>Br. 2<\/td><td>Hori-Zone<\/td><td>Redback<\/td><td>Pi\u0161tolj samostrel<\/td><td>D<\/td><\/tr><tr><td>Br. 3<\/td><td>Hori-Zone<\/td><td>Kornet 390 XT<\/td><td>Slo\u017eeni samostler<\/td><td>C<\/td><\/tr><tr><td>Br. 4<\/td><td>Ek Archery<\/td><td>Cobra plastic pistol crossbow<\/td><td>Pi\u0161tolj samostrel<\/td><td>D<\/td><\/tr><tr><td>Br. 5<\/td><td>Ek Archery<\/td><td>Cobra sistem R9<\/td><td>Pi\u0161tolj samostrel<\/td><td>D<\/td><\/tr><tr><td>Br. 6<\/td><td>Ek Archery<\/td><td>Cobra Adder<\/td><td>Samostrel<\/td><td>C<\/td><\/tr><tr><td>Br. 7<\/td><td>Ek Archery<\/td><td>Jag 1 (175 lbs)<\/td><td>Samostrel<\/td><td>C<\/td><\/tr><tr><td>Br. 8<\/td><td>Ek Archery<\/td><td>Jag 1 (95 lbs)<\/td><td>Samostrel<\/td><td>D<\/td><\/tr><tr><td>Br. 9<\/td><td>Ek Archery<\/td><td>Cobra Alu<\/td><td>Pi\u0161tolj samostrel<\/td><td>D<\/td><\/tr><tr><td>Br. 10<\/td><td>Hori-Zone<\/td><td>Kornet Max<\/td><td>Samostrel<\/td><td>C<\/td><\/tr><tr><td>Br. 11<\/td><td>Ek Archery<\/td><td>Siege 300<\/td><td>Samostrel<\/td><td>C<\/td><\/tr><tr><td>Br. 12<\/td><td>Ek Archery<\/td><td>Jag 2&nbsp;<\/td><td>Samostrel<\/td><td>C<\/td><\/tr><tr><td>Br. 13<\/td><td>Ek Archery<\/td><td>Jag 2&nbsp;<\/td><td>Samostrel<\/td><td>D<\/td><\/tr><tr><td>Br. 14<\/td><td>Ek Archery<\/td><td>Jaguar I<\/td><td>Samostrel<\/td><td>C<\/td><\/tr><tr><td>Br. 15<\/td><td>Excalibur<\/td><td>Assassin 420TD<\/td><td>Samostrel<\/td><td>C<\/td><\/tr><tr><td>Br. 16<\/td><td>Ten Point<\/td><td>Stealth 450<\/td><td>Samostrel<\/td><td>C<\/td><\/tr><\/tbody><\/table><\/figure>\n","protected":false},"excerpt":{"rendered":"<p>REDNI BROJ PROIZVO\u0110A\u010c MODEL VRSTA KATEGORIJA Br. 1 Hori-Zone Kornet MXT 405 Slo\u017eeni samostrel C Br. 2 Hori-Zone Redback Pi\u0161tolj samostrel D Br. 3 Hori-Zone Kornet 390 XT Slo\u017eeni samostler C Br. 4 Ek Archery&hellip;<\/p>\n","protected":false},"author":1,"featured_media":0,"parent":0,"menu_order":0,"comment_status":"closed","ping_status":"closed","template":"","meta":{"footnotes":""},"_links":{"self":[{"href":"https:\/\/www.proofhouse.rs\/index.php?rest_route=\/wp\/v2\/pages\/377"}],"collection":[{"href":"https:\/\/www.proofhouse.rs\/index.php?rest_route=\/wp\/v2\/pages"}],"about":[{"href":"https:\/\/www.proofhouse.rs\/index.php?rest_route=\/wp\/v2\/types\/page"}],"author":[{"embeddable":true,"href":"https:\/\/www.proofhouse.rs\/index.php?rest_route=\/wp\/v2\/users\/1"}],"replies":[{"embeddable":true,"href":"https:\/\/www.proofhouse.rs\/index.php?rest_route=%2Fwp%2Fv2%2Fcomments&post=377"}],"version-history":[{"count":15,"href":"https:\/\/www.proofhouse.rs\/index.php?rest_route=\/wp\/v2\/pages\/377\/revisions"}],"predecessor-version":[{"id":666,"href":"https:\/\/www.proofhouse.rs\/index.php?rest_route=\/wp\/v2\/pages\/377\/revisions\/666"}],"wp:attachment":[{"href":"https:\/\/www.proofhouse.rs\/index.php?rest_route=%2Fwp%2Fv2%2Fmedia&parent=377"}],"curies":[{"name":"wp","href":"https:\/\/api.w.org\/{rel}","templated":true}]}}