{"id":90,"date":"2019-08-14T11:52:06","date_gmt":"2019-08-14T11:52:06","guid":{"rendered":"https:\/\/www.proofhouse.rs\/?page_id=90"},"modified":"2019-09-19T19:32:16","modified_gmt":"2019-09-19T19:32:16","slug":"o-nama","status":"publish","type":"page","link":"https:\/\/www.proofhouse.rs\/?page_id=90","title":{"rendered":"Istorija"},"content":{"rendered":"<p><img loading=\"lazy\" decoding=\"async\" width=\"1000\" height=\"708\" src=\"https:\/\/www.proofhouse.rs\/wp-content\/uploads\/2019\/08\/IMG_0111-1024x725.jpg\" alt=\"\" srcset=\"https:\/\/www.proofhouse.rs\/wp-content\/uploads\/2019\/08\/IMG_0111-1024x725.jpg 1024w, https:\/\/www.proofhouse.rs\/wp-content\/uploads\/2019\/08\/IMG_0111-300x213.jpg 300w, https:\/\/www.proofhouse.rs\/wp-content\/uploads\/2019\/08\/IMG_0111-768x544.jpg 768w\" sizes=\"(max-width: 1000px) 100vw, 1000px\" \/><br \/>\n\t\t\t\t\t\t\t\t\t\t<img loading=\"lazy\" decoding=\"async\" width=\"605\" height=\"404\" src=\"https:\/\/www.proofhouse.rs\/wp-content\/uploads\/2019\/08\/12312awrqaw.png\" alt=\"\" srcset=\"https:\/\/www.proofhouse.rs\/wp-content\/uploads\/2019\/08\/12312awrqaw.png 605w, https:\/\/www.proofhouse.rs\/wp-content\/uploads\/2019\/08\/12312awrqaw-300x200.png 300w\" sizes=\"(max-width: 605px) 100vw, 605px\" \/><br \/>\n\t\t\t\t\t\t\t\t\t\t<img loading=\"lazy\" decoding=\"async\" width=\"605\" height=\"404\" src=\"https:\/\/www.proofhouse.rs\/wp-content\/uploads\/2019\/08\/Untitled.png\" alt=\"\" srcset=\"https:\/\/www.proofhouse.rs\/wp-content\/uploads\/2019\/08\/Untitled.png 605w, https:\/\/www.proofhouse.rs\/wp-content\/uploads\/2019\/08\/Untitled-300x200.png 300w\" sizes=\"(max-width: 605px) 100vw, 605px\" \/>\t\t\t\t\t\t\t\t\t\t\t<\/p>\n<p><strong>Zavod za ispitivanje oru\u017eja i municije je osnovan od strane proizvo\u0111a\u010da oru\u017eja i municije, prvenstveno od &#8220;Zavoda Crvena Zastava&#8221; oslanjaju\u0107i se\u00a0 na tradiciju i iskustvo &#8220;pregleda, kontrole i \u017eigosanja&#8221; od 24. januara 1856. godine Topolivnice, Kragujevac.<\/strong><br \/><strong>Dana 29.12.1969. godine Zavod je upisan kao ustanova kod Okru\u017enog Privrednog suda u Kragujevcu. Nakon toga, dono\u0161enjem Zakona i Pravilnika o ispitivanju i \u017eigosanju ru\u010dnog vatrenog oru\u017eja i municije stvoreni su uslovi za po\u010detak odvijanja aktivnosti Zavoda.<\/strong><\/p>\n<p><strong>Na osnovu \u010dlana 7. ta\u010dke 1 i 2. Konvencije o uzajamnom priznavanju \u017eigova za ru\u010dno vatreno oru\u017eje (Briselske konvencije) od 23. maja 1973. godine stupilo je na snagu pristupanje SFR Jugoslavije Konvenciji \u010dime je SFRJ postala punopravna \u010dlanica Stalne me\u0111unarodne komisije za ispitivanje ru\u010dnog vatrenog oru\u017eja (C.I.P.). Jugoslavija i Zavod su imali \u010dast da budu doma\u0107ini i organizatori XV Plenarnog zasedanja C.I.P.-a koje je odr\u017eano u Jugoslaviji 1978. godine.<\/strong><\/p>\n<p><strong>\u00a8U poslednjih nekoliko godina, znatno je pro\u0161iren poslovni prostor, nabavljena ra\u010dunarska i merna oprema radi efikasnog obavljanja svih aktivnosti Zavoda.<\/strong><br \/><strong>Sada smo pred novim po\u010detkom, o\u010dekajuci da Ministarstvo unutra\u0161njih poslova Republike Srbije podnese zahtev za pristupanje Briselskoj konvenciji. <\/strong><strong>Pristupanjem bi Zavod postao \u010dlan Stalne me\u0111unarodne komisije za ispitivanje ru\u010dnog vatrenog oru\u017eja i municije i samim tim Zavodu bi bili priznati me\u0111unarodni \u017eigovi.<\/strong><\/p>\n<figure class='gallery-item'>\n\t\t\t\t<a data-elementor-open-lightbox=\"default\" data-elementor-lightbox-slideshow=\"5f97844\" href='https:\/\/www.proofhouse.rs\/wp-content\/uploads\/2019\/09\/qwrqwgsa.jpg'><img loading=\"lazy\" decoding=\"async\" width=\"768\" height=\"602\" src=\"https:\/\/www.proofhouse.rs\/wp-content\/uploads\/2019\/09\/qwrqwgsa-768x602.jpg\" alt=\"\" srcset=\"https:\/\/www.proofhouse.rs\/wp-content\/uploads\/2019\/09\/qwrqwgsa-768x602.jpg 768w, https:\/\/www.proofhouse.rs\/wp-content\/uploads\/2019\/09\/qwrqwgsa-300x235.jpg 300w, https:\/\/www.proofhouse.rs\/wp-content\/uploads\/2019\/09\/qwrqwgsa-766x600.jpg 766w, https:\/\/www.proofhouse.rs\/wp-content\/uploads\/2019\/09\/qwrqwgsa.jpg 933w\" sizes=\"(max-width: 768px) 100vw, 768px\" \/><\/a><br \/>\n\t\t\t<\/figure>\n<figure class='gallery-item'>\n\t\t\t\t<a data-elementor-open-lightbox=\"default\" data-elementor-lightbox-slideshow=\"5f97844\" href='https:\/\/www.proofhouse.rs\/wp-content\/uploads\/2019\/08\/IMG_0096.jpg'><img loading=\"lazy\" decoding=\"async\" width=\"768\" height=\"576\" src=\"https:\/\/www.proofhouse.rs\/wp-content\/uploads\/2019\/08\/IMG_0096-768x576.jpg\" alt=\"\" srcset=\"https:\/\/www.proofhouse.rs\/wp-content\/uploads\/2019\/08\/IMG_0096-768x576.jpg 768w, https:\/\/www.proofhouse.rs\/wp-content\/uploads\/2019\/08\/IMG_0096-300x225.jpg 300w, https:\/\/www.proofhouse.rs\/wp-content\/uploads\/2019\/08\/IMG_0096-1024x768.jpg 1024w\" sizes=\"(max-width: 768px) 100vw, 768px\" \/><\/a><br \/>\n\t\t\t<\/figure>\n<figure class='gallery-item'>\n\t\t\t\t<a data-elementor-open-lightbox=\"default\" data-elementor-lightbox-slideshow=\"5f97844\" href='https:\/\/www.proofhouse.rs\/wp-content\/uploads\/2019\/09\/wqrfq.jpg'><img loading=\"lazy\" decoding=\"async\" width=\"768\" height=\"610\" src=\"https:\/\/www.proofhouse.rs\/wp-content\/uploads\/2019\/09\/wqrfq-768x610.jpg\" alt=\"\" srcset=\"https:\/\/www.proofhouse.rs\/wp-content\/uploads\/2019\/09\/wqrfq-768x610.jpg 768w, https:\/\/www.proofhouse.rs\/wp-content\/uploads\/2019\/09\/wqrfq-300x238.jpg 300w, https:\/\/www.proofhouse.rs\/wp-content\/uploads\/2019\/09\/wqrfq-756x600.jpg 756w, https:\/\/www.proofhouse.rs\/wp-content\/uploads\/2019\/09\/wqrfq.jpg 921w\" sizes=\"(max-width: 768px) 100vw, 768px\" \/><\/a><br \/>\n\t\t\t<\/figure>\n","protected":false},"excerpt":{"rendered":"<p>Zavod za ispitivanje oru\u017eja i municije je osnovan od strane proizvo\u0111a\u010da oru\u017eja i municije, prvenstveno od &#8220;Zavoda Crvena Zastava&#8221; oslanjaju\u0107i se\u00a0 na tradiciju i iskustvo &#8220;pregleda, kontrole i \u017eigosanja&#8221; od 24. januara 1856. godine Topolivnice,&hellip;<\/p>\n","protected":false},"author":1,"featured_media":0,"parent":0,"menu_order":0,"comment_status":"closed","ping_status":"closed","template":"elementor_header_footer","meta":{"footnotes":""},"_links":{"self":[{"href":"https:\/\/www.proofhouse.rs\/index.php?rest_route=\/wp\/v2\/pages\/90"}],"collection":[{"href":"https:\/\/www.proofhouse.rs\/index.php?rest_route=\/wp\/v2\/pages"}],"about":[{"href":"https:\/\/www.proofhouse.rs\/index.php?rest_route=\/wp\/v2\/types\/page"}],"author":[{"embeddable":true,"href":"https:\/\/www.proofhouse.rs\/index.php?rest_route=\/wp\/v2\/users\/1"}],"replies":[{"embeddable":true,"href":"https:\/\/www.proofhouse.rs\/index.php?rest_route=%2Fwp%2Fv2%2Fcomments&post=90"}],"version-history":[{"count":18,"href":"https:\/\/www.proofhouse.rs\/index.php?rest_route=\/wp\/v2\/pages\/90\/revisions"}],"predecessor-version":[{"id":302,"href":"https:\/\/www.proofhouse.rs\/index.php?rest_route=\/wp\/v2\/pages\/90\/revisions\/302"}],"wp:attachment":[{"href":"https:\/\/www.proofhouse.rs\/index.php?rest_route=%2Fwp%2Fv2%2Fmedia&parent=90"}],"curies":[{"name":"wp","href":"https:\/\/api.w.org\/{rel}","templated":true}]}}